{"id":112,"date":"2024-05-09T22:08:52","date_gmt":"2024-05-09T22:08:52","guid":{"rendered":"https:\/\/goldencaroficina.com.br\/?page_id=112"},"modified":"2024-07-03T17:19:31","modified_gmt":"2024-07-03T17:19:31","slug":"seguradoras-credenciadas-112","status":"publish","type":"page","link":"https:\/\/goldencaroficina.com.br\/?page_id=112","title":{"rendered":"Seguradoras Credenciadas"},"content":{"rendered":"","protected":false},"excerpt":{"rendered":"","protected":false},"author":1,"featured_media":0,"parent":0,"menu_order":0,"comment_status":"open","ping_status":"closed","template":"","meta":{"_joinchat":[],"footnotes":""},"class_list":["post-112","page","type-page","status-publish","hentry"],"yoast_head":"<!-- This site is optimized with the Yoast SEO plugin v22.6 - https:\/\/yoast.com\/wordpress\/plugins\/seo\/ -->\n<title>Seguradoras Credenciadas - Goldencar Oficina - Excel\u00eancia em repara\u00e7\u00e3o automotiva<\/title>\n<meta name=\"robots\" content=\"index, follow, max-snippet:-1, max-image-preview:large, max-video-preview:-1\" \/>\n<link rel=\"canonical\" href=\"https:\/\/goldencaroficina.com.br\/?page_id=112\" \/>\n<meta property=\"og:locale\" content=\"pt_BR\" \/>\n<meta property=\"og:type\" content=\"article\" \/>\n<meta property=\"og:title\" content=\"Seguradoras Credenciadas - Goldencar Oficina - Excel\u00eancia em repara\u00e7\u00e3o automotiva\" \/>\n<meta property=\"og:url\" content=\"https:\/\/goldencaroficina.com.br\/?page_id=112\" \/>\n<meta property=\"og:site_name\" content=\"Goldencar Oficina - Excel\u00eancia em repara\u00e7\u00e3o automotiva\" \/>\n<meta property=\"article:modified_time\" content=\"2024-07-03T17:19:31+00:00\" \/>\n<meta name=\"twitter:card\" content=\"summary_large_image\" \/>\n<script type=\"application\/ld+json\" class=\"yoast-schema-graph\">{\"@context\":\"https:\/\/schema.org\",\"@graph\":[{\"@type\":\"WebPage\",\"@id\":\"https:\/\/goldencaroficina.com.br\/?page_id=112\",\"url\":\"https:\/\/goldencaroficina.com.br\/?page_id=112\",\"name\":\"Seguradoras Credenciadas - Goldencar Oficina - Excel\u00eancia em repara\u00e7\u00e3o automotiva\",\"isPartOf\":{\"@id\":\"https:\/\/goldencaroficina.com.br\/#website\"},\"datePublished\":\"-0001-11-30T00:00:00+00:00\",\"dateModified\":\"2024-07-03T17:19:31+00:00\",\"breadcrumb\":{\"@id\":\"https:\/\/goldencaroficina.com.br\/?page_id=112#breadcrumb\"},\"inLanguage\":\"pt-BR\",\"potentialAction\":[{\"@type\":\"ReadAction\",\"target\":[\"https:\/\/goldencaroficina.com.br\/?page_id=112\"]}]},{\"@type\":\"BreadcrumbList\",\"@id\":\"https:\/\/goldencaroficina.com.br\/?page_id=112#breadcrumb\",\"itemListElement\":[{\"@type\":\"ListItem\",\"position\":1,\"name\":\"In\u00edcio\",\"item\":\"https:\/\/goldencaroficina.com.br\/\"},{\"@type\":\"ListItem\",\"position\":2,\"name\":\"Seguradoras Credenciadas\"}]},{\"@type\":\"WebSite\",\"@id\":\"https:\/\/goldencaroficina.com.br\/#website\",\"url\":\"https:\/\/goldencaroficina.com.br\/\",\"name\":\"Goldencar Oficina - Excel\u00eancia em repara\u00e7\u00e3o automotiva\",\"description\":\"\",\"potentialAction\":[{\"@type\":\"SearchAction\",\"target\":{\"@type\":\"EntryPoint\",\"urlTemplate\":\"https:\/\/goldencaroficina.com.br\/?s={search_term_string}\"},\"query-input\":\"required name=search_term_string\"}],\"inLanguage\":\"pt-BR\"}]}<\/script>\n<!-- \/ Yoast SEO plugin. -->","yoast_head_json":{"title":"Seguradoras Credenciadas - Goldencar Oficina - Excel\u00eancia em repara\u00e7\u00e3o automotiva","robots":{"index":"index","follow":"follow","max-snippet":"max-snippet:-1","max-image-preview":"max-image-preview:large","max-video-preview":"max-video-preview:-1"},"canonical":"https:\/\/goldencaroficina.com.br\/?page_id=112","og_locale":"pt_BR","og_type":"article","og_title":"Seguradoras Credenciadas - Goldencar Oficina - Excel\u00eancia em repara\u00e7\u00e3o automotiva","og_url":"https:\/\/goldencaroficina.com.br\/?page_id=112","og_site_name":"Goldencar Oficina - Excel\u00eancia em repara\u00e7\u00e3o automotiva","article_modified_time":"2024-07-03T17:19:31+00:00","twitter_card":"summary_large_image","schema":{"@context":"https:\/\/schema.org","@graph":[{"@type":"WebPage","@id":"https:\/\/goldencaroficina.com.br\/?page_id=112","url":"https:\/\/goldencaroficina.com.br\/?page_id=112","name":"Seguradoras Credenciadas - Goldencar Oficina - Excel\u00eancia em repara\u00e7\u00e3o automotiva","isPartOf":{"@id":"https:\/\/goldencaroficina.com.br\/#website"},"datePublished":"-0001-11-30T00:00:00+00:00","dateModified":"2024-07-03T17:19:31+00:00","breadcrumb":{"@id":"https:\/\/goldencaroficina.com.br\/?page_id=112#breadcrumb"},"inLanguage":"pt-BR","potentialAction":[{"@type":"ReadAction","target":["https:\/\/goldencaroficina.com.br\/?page_id=112"]}]},{"@type":"BreadcrumbList","@id":"https:\/\/goldencaroficina.com.br\/?page_id=112#breadcrumb","itemListElement":[{"@type":"ListItem","position":1,"name":"In\u00edcio","item":"https:\/\/goldencaroficina.com.br\/"},{"@type":"ListItem","position":2,"name":"Seguradoras Credenciadas"}]},{"@type":"WebSite","@id":"https:\/\/goldencaroficina.com.br\/#website","url":"https:\/\/goldencaroficina.com.br\/","name":"Goldencar Oficina - Excel\u00eancia em repara\u00e7\u00e3o automotiva","description":"","potentialAction":[{"@type":"SearchAction","target":{"@type":"EntryPoint","urlTemplate":"https:\/\/goldencaroficina.com.br\/?s={search_term_string}"},"query-input":"required name=search_term_string"}],"inLanguage":"pt-BR"}]}},"_links":{"self":[{"href":"https:\/\/goldencaroficina.com.br\/index.php?rest_route=\/wp\/v2\/pages\/112","targetHints":{"allow":["GET"]}}],"collection":[{"href":"https:\/\/goldencaroficina.com.br\/index.php?rest_route=\/wp\/v2\/pages"}],"about":[{"href":"https:\/\/goldencaroficina.com.br\/index.php?rest_route=\/wp\/v2\/types\/page"}],"author":[{"embeddable":true,"href":"https:\/\/goldencaroficina.com.br\/index.php?rest_route=\/wp\/v2\/users\/1"}],"replies":[{"embeddable":true,"href":"https:\/\/goldencaroficina.com.br\/index.php?rest_route=%2Fwp%2Fv2%2Fcomments&post=112"}],"version-history":[{"count":1,"href":"https:\/\/goldencaroficina.com.br\/index.php?rest_route=\/wp\/v2\/pages\/112\/revisions"}],"predecessor-version":[{"id":113,"href":"https:\/\/goldencaroficina.com.br\/index.php?rest_route=\/wp\/v2\/pages\/112\/revisions\/113"}],"wp:attachment":[{"href":"https:\/\/goldencaroficina.com.br\/index.php?rest_route=%2Fwp%2Fv2%2Fmedia&parent=112"}],"curies":[{"name":"wp","href":"https:\/\/api.w.org\/{rel}","templated":true}]}}